{"id":1455,"date":"2022-11-02T11:49:51","date_gmt":"2022-11-02T11:49:51","guid":{"rendered":"https:\/\/www.lomas.si\/administrator\/"},"modified":"2023-07-26T09:51:39","modified_gmt":"2023-07-26T09:51:39","slug":"administrator","status":"publish","type":"page","link":"https:\/\/www.lomas.si\/en\/administrator\/","title":{"rendered":"Administrator"},"content":{"rendered":"<!--themify_builder_content-->\n<div id=\"themify_builder_content-1455\" data-postid=\"1455\" class=\"themify_builder_content themify_builder_content-1455 themify_builder tf_clear\">\n    \t<!-- module_row -->\n\t<div  data-lazy=\"1\" class=\"module_row themify_builder_row fullcover tb_pnuu005 tb_first tf_clearfix\" >\n\t    <div class=\"builder_row_cover tf_abs\"><\/div>\t\t<div class=\"row_inner col_align_top col-count-1 tf_box tf_w tf_rel\">\n\t\t\t<div  data-lazy=\"1\" class=\"module_column tb-column col-full first tb_ur0o510 tf_box\">\n\t\t\t    \t        <div class=\"tb-column-inner tf_box tf_w\">\n\t\t    <!-- module text -->\n<div  class=\"module module-text tb_wrla050   \" data-lazy=\"1\">\n        <div  class=\"tb_text_wrap\">\n    <h1>Administrator<\/h1>    <\/div>\n<\/div>\n<!-- \/module text -->\t        <\/div>\n\t    \t<\/div>\n\t\t    <\/div>\n\t    <!-- \/row_inner -->\n\t<\/div>\n\t<!-- \/module_row -->\n\t\t<!-- module_row -->\n\t<div  data-lazy=\"1\" class=\"module_row themify_builder_row repeat tb_167z805 tf_clearfix\" >\n\t    \t\t<div class=\"row_inner col_align_top col-count-2 tf_box tf_w tf_rel\">\n\t\t\t<div  data-lazy=\"1\" class=\"module_column tb-column col4-1 first tb_f8g2030 tf_box\">\n\t\t\t    \t        <div class=\"tb-column-inner tf_box tf_w\">\n\t\t    <!-- module menu -->\n<div  class=\"module module-menu tb_ilmu416  mobile-menu-slide tf_textl\" data-menu-style=\"mobile-menu-slide\" data-menu-breakpoint=\"0\" data-element-id=\"tb_ilmu416\" data-lazy=\"1\">\n    \t\n\t<div class=\"module-menu-container tf_textl\"><ul id=\"menu-prosta-delovna-mesta\" class=\"ui tf_clearfix nav tf_rel vertical tb_default_color \"><li id=\"menu-item-589\" class=\"menu-item-page-1525 menu-item menu-item-type-post_type menu-item-object-page current-menu-item page_item page-item-1525 current_page_item menu-item-589\"><a href=\"https:\/\/www.lomas.si\/en\/vacancy-notice\/\" aria-current=\"page\">Vacancy notice<\/a><\/li>\n<\/ul><\/div>\t\t<style>\n\t\t\t.mobile-menu-module[data-module=\"tb_ilmu416\"] {\n\t\t\t\tright: -300px;\n\t\t\t}\n\t\t<\/style>\n\t<\/div>\n<!-- \/module menu -->\n\t        <\/div>\n\t    \t<\/div>\n\t\t<div  data-lazy=\"1\" class=\"module_column tb-column col4-3 last tb_7ke1555 tf_box\">\n\t\t\t    \t        <div class=\"tb-column-inner tf_box tf_w\">\n\t\t    <!-- module text -->\n<div  class=\"module module-text tb_p45s351   \" data-lazy=\"1\">\n    <h3 class=\"module-title\">Administrator<\/h3>    <div  class=\"tb_text_wrap\">\n    <h4 style=\"color: #535353; font-family: 'Open Sans', sans-serif; font-size: 15px; letter-spacing: normal; text-align: justify; text-transform: none;\">JOB DESCRIPTION:<\/h4>\r\n<ul style=\"margin-bottom: 25px; margin-left: 0px; padding-left: 20px; color: #535353; font-weight: 300; font-family: 'Open Sans', sans-serif; font-size: 15px; letter-spacing: normal; text-align: justify; text-transform: none;\">\r\n<li style=\"margin-bottom: 5px;\">Work includes reception and processing of documents from order to invoice, as well as communication with customers and sales representatives.<\/li>\r\n<\/ul>\r\n<h4 style=\"color: #535353; font-family: 'Open Sans', sans-serif; font-size: 15px; letter-spacing: normal; text-align: justify; text-transform: none;\">WORK LOCATION:<\/h4>\r\n<ul style=\"margin-bottom: 25px; margin-left: 0px; padding-left: 20px; color: #535353; font-weight: 300; font-family: 'Open Sans', sans-serif; font-size: 15px; letter-spacing: normal; text-align: justify; text-transform: none;\">\r\n<li style=\"margin-bottom: 5px;\">Ljubljana Be\u017eigrad<\/li>\r\n<\/ul>\r\n<h4 style=\"color: #535353; font-family: 'Open Sans', sans-serif; font-size: 15px; letter-spacing: normal; text-align: justify; text-transform: none;\">REQUIREMENTS:<\/h4>\r\n<ul style=\"margin-bottom: 25px; margin-left: 0px; padding-left: 20px; color: #535353; font-weight: 300; font-family: 'Open Sans', sans-serif; font-size: 15px; letter-spacing: normal; text-align: justify; text-transform: none;\">\r\n<li style=\"margin-bottom: 5px;\">Good knowledge of MS &#8211; Office tools<\/li>\r\n<li style=\"margin-bottom: 5px;\">Attention to detail, organizational skills and professional appearance<\/li>\r\n<li style=\"margin-bottom: 5px;\">Independence, care and reliability<\/li>\r\n<li style=\"margin-bottom: 5px;\">Communication and team working skills<\/li>\r\n<\/ul>\r\n    <\/div>\n<\/div>\n<!-- \/module text --><!-- module plain text -->\n<div  class=\"module module-plain-text tb_t4kv914 \" data-lazy=\"1\">\n        <div class=\"tb_text_wrap\">\n\t<script type=\"text\/javascript\" src=\"\/\/ema.lomas.si\/form\/generate.js?id=7\"><\/script>    <\/div>\n<\/div>\n<!-- \/module plain text -->\t        <\/div>\n\t    \t<\/div>\n\t\t    <\/div>\n\t    <!-- \/row_inner -->\n\t<\/div>\n\t<!-- \/module_row -->\n\t<\/div>\n<!--\/themify_builder_content-->","protected":false},"excerpt":{"rendered":"<p>Administrator Prosta delovna mesta Key account manager junior Asistent prodaje Administrator Administrator OPIS DELOVNEGA MESTA: Delo obsega sprejem in obdelavo dokumentov od naro\u010dila do ra\u010duna ter komunikacijo s kupci in prodajnimi zastopniki. LOKACIJA DELA: Ljubljana Be\u017eigrad PRI\u010cAKUJEMO: Dobro poznavanje MS \u2013 Office orodij Natan\u010dnost, organiziranost in urejenost Samostojnost, skrbnost in zanesljivost Komunikativnost in sposobnost za [&hellip;]<\/p>\n","protected":false},"author":3,"featured_media":0,"parent":0,"menu_order":0,"comment_status":"closed","ping_status":"closed","template":"","meta":{"inline_featured_image":false,"footnotes":""},"class_list":["post-1455","page","type-page","status-publish","hentry","has-post-title","has-post-date","has-post-category","has-post-tag","has-post-comment","has-post-author",""],"yoast_head":"<!-- This site is optimized with the Yoast SEO plugin v27.2 - https:\/\/yoast.com\/product\/yoast-seo-wordpress\/ -->\n<title>Administrator - LOMAS<\/title>\n<meta name=\"robots\" content=\"index, follow, max-snippet:-1, max-image-preview:large, max-video-preview:-1\" \/>\n<link rel=\"canonical\" href=\"https:\/\/www.lomas.si\/en\/administrator\/\" \/>\n<meta property=\"og:locale\" content=\"en_US\" \/>\n<meta property=\"og:type\" content=\"article\" \/>\n<meta property=\"og:title\" content=\"Administrator - LOMAS\" \/>\n<meta property=\"og:description\" content=\"Administrator Prosta delovna mesta Key account manager junior Asistent prodaje Administrator Administrator OPIS DELOVNEGA MESTA: Delo obsega sprejem in obdelavo dokumentov od naro\u010dila do ra\u010duna ter komunikacijo s kupci in prodajnimi zastopniki. LOKACIJA DELA: Ljubljana Be\u017eigrad PRI\u010cAKUJEMO: Dobro poznavanje MS \u2013 Office orodij Natan\u010dnost, organiziranost in urejenost Samostojnost, skrbnost in zanesljivost Komunikativnost in sposobnost za [&hellip;]\" \/>\n<meta property=\"og:url\" content=\"https:\/\/www.lomas.si\/en\/administrator\/\" \/>\n<meta property=\"og:site_name\" content=\"LOMAS\" \/>\n<meta property=\"article:modified_time\" content=\"2023-07-26T09:51:39+00:00\" \/>\n<meta name=\"twitter:card\" content=\"summary_large_image\" \/>\n<script type=\"application\/ld+json\" class=\"yoast-schema-graph\">{\"@context\":\"https:\/\/schema.org\",\"@graph\":[{\"@type\":\"WebPage\",\"@id\":\"https:\/\/www.lomas.si\/en\/administrator\/\",\"url\":\"https:\/\/www.lomas.si\/en\/administrator\/\",\"name\":\"Administrator - LOMAS\",\"isPartOf\":{\"@id\":\"https:\/\/www.lomas.si\/en\/#website\"},\"datePublished\":\"2022-11-02T11:49:51+00:00\",\"dateModified\":\"2023-07-26T09:51:39+00:00\",\"breadcrumb\":{\"@id\":\"https:\/\/www.lomas.si\/en\/administrator\/#breadcrumb\"},\"inLanguage\":\"en-US\",\"potentialAction\":[{\"@type\":\"ReadAction\",\"target\":[\"https:\/\/www.lomas.si\/en\/administrator\/\"]}]},{\"@type\":\"BreadcrumbList\",\"@id\":\"https:\/\/www.lomas.si\/en\/administrator\/#breadcrumb\",\"itemListElement\":[{\"@type\":\"ListItem\",\"position\":1,\"name\":\"Home\",\"item\":\"https:\/\/www.lomas.si\/en\/home-2\/\"},{\"@type\":\"ListItem\",\"position\":2,\"name\":\"Administrator\"}]},{\"@type\":\"WebSite\",\"@id\":\"https:\/\/www.lomas.si\/en\/#website\",\"url\":\"https:\/\/www.lomas.si\/en\/\",\"name\":\"LOMAS\",\"description\":\"Naravnost k najbolj\u0161im\",\"publisher\":{\"@id\":\"https:\/\/www.lomas.si\/en\/#organization\"},\"potentialAction\":[{\"@type\":\"SearchAction\",\"target\":{\"@type\":\"EntryPoint\",\"urlTemplate\":\"https:\/\/www.lomas.si\/en\/?s={search_term_string}\"},\"query-input\":{\"@type\":\"PropertyValueSpecification\",\"valueRequired\":true,\"valueName\":\"search_term_string\"}}],\"inLanguage\":\"en-US\"},{\"@type\":\"Organization\",\"@id\":\"https:\/\/www.lomas.si\/en\/#organization\",\"name\":\"LOMAS\",\"url\":\"https:\/\/www.lomas.si\/en\/\",\"logo\":{\"@type\":\"ImageObject\",\"inLanguage\":\"en-US\",\"@id\":\"https:\/\/www.lomas.si\/en\/#\/schema\/logo\/image\/\",\"url\":\"https:\/\/www.lomas.si\/wp-content\/uploads\/2023\/07\/lomas_logo-brez-slogana_2.1.png\",\"contentUrl\":\"https:\/\/www.lomas.si\/wp-content\/uploads\/2023\/07\/lomas_logo-brez-slogana_2.1.png\",\"width\":1223,\"height\":302,\"caption\":\"LOMAS\"},\"image\":{\"@id\":\"https:\/\/www.lomas.si\/en\/#\/schema\/logo\/image\/\"}}]}<\/script>\n<!-- \/ Yoast SEO plugin. -->","yoast_head_json":{"title":"Administrator - LOMAS","robots":{"index":"index","follow":"follow","max-snippet":"max-snippet:-1","max-image-preview":"max-image-preview:large","max-video-preview":"max-video-preview:-1"},"canonical":"https:\/\/www.lomas.si\/en\/administrator\/","og_locale":"en_US","og_type":"article","og_title":"Administrator - LOMAS","og_description":"Administrator Prosta delovna mesta Key account manager junior Asistent prodaje Administrator Administrator OPIS DELOVNEGA MESTA: Delo obsega sprejem in obdelavo dokumentov od naro\u010dila do ra\u010duna ter komunikacijo s kupci in prodajnimi zastopniki. LOKACIJA DELA: Ljubljana Be\u017eigrad PRI\u010cAKUJEMO: Dobro poznavanje MS \u2013 Office orodij Natan\u010dnost, organiziranost in urejenost Samostojnost, skrbnost in zanesljivost Komunikativnost in sposobnost za [&hellip;]","og_url":"https:\/\/www.lomas.si\/en\/administrator\/","og_site_name":"LOMAS","article_modified_time":"2023-07-26T09:51:39+00:00","twitter_card":"summary_large_image","schema":{"@context":"https:\/\/schema.org","@graph":[{"@type":"WebPage","@id":"https:\/\/www.lomas.si\/en\/administrator\/","url":"https:\/\/www.lomas.si\/en\/administrator\/","name":"Administrator - LOMAS","isPartOf":{"@id":"https:\/\/www.lomas.si\/en\/#website"},"datePublished":"2022-11-02T11:49:51+00:00","dateModified":"2023-07-26T09:51:39+00:00","breadcrumb":{"@id":"https:\/\/www.lomas.si\/en\/administrator\/#breadcrumb"},"inLanguage":"en-US","potentialAction":[{"@type":"ReadAction","target":["https:\/\/www.lomas.si\/en\/administrator\/"]}]},{"@type":"BreadcrumbList","@id":"https:\/\/www.lomas.si\/en\/administrator\/#breadcrumb","itemListElement":[{"@type":"ListItem","position":1,"name":"Home","item":"https:\/\/www.lomas.si\/en\/home-2\/"},{"@type":"ListItem","position":2,"name":"Administrator"}]},{"@type":"WebSite","@id":"https:\/\/www.lomas.si\/en\/#website","url":"https:\/\/www.lomas.si\/en\/","name":"LOMAS","description":"Naravnost k najbolj\u0161im","publisher":{"@id":"https:\/\/www.lomas.si\/en\/#organization"},"potentialAction":[{"@type":"SearchAction","target":{"@type":"EntryPoint","urlTemplate":"https:\/\/www.lomas.si\/en\/?s={search_term_string}"},"query-input":{"@type":"PropertyValueSpecification","valueRequired":true,"valueName":"search_term_string"}}],"inLanguage":"en-US"},{"@type":"Organization","@id":"https:\/\/www.lomas.si\/en\/#organization","name":"LOMAS","url":"https:\/\/www.lomas.si\/en\/","logo":{"@type":"ImageObject","inLanguage":"en-US","@id":"https:\/\/www.lomas.si\/en\/#\/schema\/logo\/image\/","url":"https:\/\/www.lomas.si\/wp-content\/uploads\/2023\/07\/lomas_logo-brez-slogana_2.1.png","contentUrl":"https:\/\/www.lomas.si\/wp-content\/uploads\/2023\/07\/lomas_logo-brez-slogana_2.1.png","width":1223,"height":302,"caption":"LOMAS"},"image":{"@id":"https:\/\/www.lomas.si\/en\/#\/schema\/logo\/image\/"}}]}},"builder_content":"<h1>Administrator<\/h1>\n<ul id=\"menu-prosta-delovna-mesta\"><li id=\"menu-item-589\"><a href=\"https:\/\/www.lomas.si\/en\/vacancy-notice\/\" aria-current=\"page\">Vacancy notice<\/a><\/li> <\/ul>\n<h3>Administrator<\/h3> <h4 style=\"color: #535353; font-family: 'Open Sans', sans-serif; font-size: 15px; letter-spacing: normal; text-align: justify; text-transform: none;\">JOB DESCRIPTION:<\/h4>\n<ul style=\"margin-bottom: 25px; margin-left: 0px; padding-left: 20px; color: #535353; font-weight: 300; font-family: 'Open Sans', sans-serif; font-size: 15px; letter-spacing: normal; text-align: justify; text-transform: none;\">\n<li style=\"margin-bottom: 5px;\">Work includes reception and processing of documents from order to invoice, as well as communication with customers and sales representatives.<\/li>\n<\/ul>\n<h4 style=\"color: #535353; font-family: 'Open Sans', sans-serif; font-size: 15px; letter-spacing: normal; text-align: justify; text-transform: none;\">WORK LOCATION:<\/h4>\n<ul style=\"margin-bottom: 25px; margin-left: 0px; padding-left: 20px; color: #535353; font-weight: 300; font-family: 'Open Sans', sans-serif; font-size: 15px; letter-spacing: normal; text-align: justify; text-transform: none;\">\n<li style=\"margin-bottom: 5px;\">Ljubljana Be\u017eigrad<\/li>\n<\/ul>\n<h4 style=\"color: #535353; font-family: 'Open Sans', sans-serif; font-size: 15px; letter-spacing: normal; text-align: justify; text-transform: none;\">REQUIREMENTS:<\/h4>\n<ul style=\"margin-bottom: 25px; margin-left: 0px; padding-left: 20px; color: #535353; font-weight: 300; font-family: 'Open Sans', sans-serif; font-size: 15px; letter-spacing: normal; text-align: justify; text-transform: none;\">\n<li style=\"margin-bottom: 5px;\">Good knowledge of MS - Office tools<\/li>\n<li style=\"margin-bottom: 5px;\">Attention to detail, organizational skills and professional appearance<\/li>\n<li style=\"margin-bottom: 5px;\">Independence, care and reliability<\/li>\n<li style=\"margin-bottom: 5px;\">Communication and team working skills<\/li>\n<\/ul>\n","_links":{"self":[{"href":"https:\/\/www.lomas.si\/en\/wp-json\/wp\/v2\/pages\/1455","targetHints":{"allow":["GET"]}}],"collection":[{"href":"https:\/\/www.lomas.si\/en\/wp-json\/wp\/v2\/pages"}],"about":[{"href":"https:\/\/www.lomas.si\/en\/wp-json\/wp\/v2\/types\/page"}],"author":[{"embeddable":true,"href":"https:\/\/www.lomas.si\/en\/wp-json\/wp\/v2\/users\/3"}],"replies":[{"embeddable":true,"href":"https:\/\/www.lomas.si\/en\/wp-json\/wp\/v2\/comments?post=1455"}],"version-history":[{"count":5,"href":"https:\/\/www.lomas.si\/en\/wp-json\/wp\/v2\/pages\/1455\/revisions"}],"predecessor-version":[{"id":1663,"href":"https:\/\/www.lomas.si\/en\/wp-json\/wp\/v2\/pages\/1455\/revisions\/1663"}],"wp:attachment":[{"href":"https:\/\/www.lomas.si\/en\/wp-json\/wp\/v2\/media?parent=1455"}],"curies":[{"name":"wp","href":"https:\/\/api.w.org\/{rel}","templated":true}]}}