{"id":1457,"date":"2022-11-03T08:30:35","date_gmt":"2022-11-03T08:30:35","guid":{"rendered":"https:\/\/www.lomas.si\/amtra-group\/"},"modified":"2023-06-13T06:54:52","modified_gmt":"2023-06-13T06:54:52","slug":"amtra-group","status":"publish","type":"page","link":"https:\/\/www.lomas.si\/en\/amtra-group\/","title":{"rendered":"Amtra Group"},"content":{"rendered":"<!--themify_builder_content-->\n<div id=\"themify_builder_content-1457\" data-postid=\"1457\" class=\"themify_builder_content themify_builder_content-1457 themify_builder tf_clear\">\n    \t<!-- module_row -->\n\t<div  data-lazy=\"1\" class=\"module_row themify_builder_row tb_zvda519 tb_first tf_clearfix\">\n\t    \t\t<div class=\"row_inner col_align_top col-count-2 tf_box tf_w tf_rel\">\n\t\t\t<div  data-lazy=\"1\" class=\"module_column tb-column col2-1 first tb_elgm519 tf_box\">\n\t\t\t    \t        <div class=\"tb-column-inner tf_box tf_w\">\n\t\t    <!-- module text -->\n<div  class=\"module module-text tb_443t159   \" data-lazy=\"1\">\n        <div  class=\"tb_text_wrap\">\n    <h2>Amtra Group<\/h2>    <\/div>\n<\/div>\n<!-- \/module text -->\t        <\/div>\n\t    \t<\/div>\n\t\t<div  data-lazy=\"1\" class=\"module_column tb-column col2-1 last tb_6vu2519 tf_box\">\n\t\t\t    \t        <div class=\"tb-column-inner tf_box tf_w\">\n\t\t    <!-- module image -->\n<div  class=\"module module-image tb_u4wu250   image-top tf_mw\" data-lazy=\"1\">\n        <div class=\"image-wrap tf_rel tf_mw\">\n\t\t    <img loading=\"lazy\" decoding=\"async\" width=\"980\" height=\"263\" src=\"https:\/\/www.lomas.si\/wp-content\/uploads\/2022\/11\/amtra.gif\" class=\"wp-post-image wp-image-1342\" title=\"amtra\" alt=\"amtra\">\t\n\t\t<\/div>\n\t<!-- \/image-wrap -->\n    \n    \t<\/div>\n<!-- \/module image -->\t        <\/div>\n\t    \t<\/div>\n\t\t    <\/div>\n\t    <!-- \/row_inner -->\n\t<\/div>\n\t<!-- \/module_row -->\n\t\t<!-- module_row -->\n\t<div  data-lazy=\"1\" class=\"module_row themify_builder_row tb_lnir875 tf_clearfix\">\n\t    \t\t<div class=\"row_inner col_align_top col-count-1 tf_box tf_w tf_rel\">\n\t\t\t<div  data-lazy=\"1\" class=\"module_column tb-column col-full first tb_ue8j875 tf_box\">\n\t\t\t    \t        <div class=\"tb-column-inner tf_box tf_w\">\n\t\t    <!-- module text -->\n<div  class=\"module module-text tb_i2nq563   \" data-lazy=\"1\">\n        <div  class=\"tb_text_wrap\">\n    <p>Amtra Group was founded in 1992 by the merger of three companies: Amtra, Nanochem and Five Star. They are one of the leading companies for the distribution and production of professional and ordinary car care cleaners and professional cleaners for the HoReCa sector on the Polish market. The quality and efficiency of the products is guaranteed by a modern laboratory and a research and development department. They enrich their experience and knowledge through cooperation with Polish and foreign universities. They are aware of the importance of ecology, so they systematically implement environmentally friendly changes. The first step is the introduction of environmentally friendly packaging and professional cleaners, in the future they plan to replace the fleet with electric vehicles and introduce electric collectors to supply the warehouse.<\/p>    <\/div>\n<\/div>\n<!-- \/module text -->\t        <\/div>\n\t    \t<\/div>\n\t\t    <\/div>\n\t    <!-- \/row_inner -->\n\t<\/div>\n\t<!-- \/module_row -->\n\t\t<!-- module_row -->\n\t<div  data-lazy=\"1\" class=\"module_row themify_builder_row tb_hfxc509 tf_clearfix\">\n\t    \t\t<div class=\"row_inner col_align_top col-count-1 tf_box tf_w tf_rel\">\n\t\t\t<div  data-lazy=\"1\" class=\"module_column tb-column col-full first tb_htwy510 tf_box\">\n\t\t\t    \t        <div class=\"tb-column-inner tf_box tf_w\">\n\t\t    <!-- module video -->\n<div  class=\"module module-video tb_gud3615 video-top  \" data-lazy=\"1\" data-url=\"https:\/\/youtu.be\/J202vJNzVa4\">\n    \t\t\t\t<div class=\"video-wrap-outer\">\n\t\t\t<div class=\"video-wrap tf_rel tf_overflow\">\n\t\t\t\t\t\t\t<\/div>\n\t\t\t<!-- \/video-wrap -->\n\t\t<\/div>\n\t\t<!-- \/video-wrap-outer -->\n\t\t\t<\/div>\n\t        <\/div>\n\t    \t<\/div>\n\t\t    <\/div>\n\t    <!-- \/row_inner -->\n\t<\/div>\n\t<!-- \/module_row -->\n\t\t<!-- module_row -->\n\t<div  data-lazy=\"1\" class=\"module_row themify_builder_row tb_hw82662 tf_clearfix\">\n\t    \t\t<div class=\"row_inner col_align_top col-count-1 tf_box tf_w tf_rel\">\n\t\t\t<div  data-lazy=\"1\" class=\"module_column tb-column col-full first tb_9fja662 tf_box\">\n\t\t\t    \t        <div class=\"tb-column-inner tf_box tf_w\">\n\t\t    <!-- module text -->\n<div  class=\"module module-text tb_3s1o736   \" data-lazy=\"1\">\n        <div  class=\"tb_text_wrap\">\n    <h3 style=\"text-align: center;\">Useful links<\/h3>    <\/div>\n<\/div>\n<!-- \/module text --><!-- module icon -->\n<div  class=\"module module-icon tb_xezd918  normal circle icon_horizontal tf_textc\" data-lazy=\"1\">\n    \t    <div class=\"module-icon-item tf_inline_b\">\n\t\t\t\t\t\t\t<a href=\"https:\/\/amtra.co\/\" rel=\"noopener\" target=\"_blank\">\n\t\t\t\t\t\t\t\t\t\t\t\t\t\t\t\t\t<em class=\"ui tf_vmiddle tf_textc tf_box \" style=\"background-color: #006fb1\"><svg  aria-hidden=\"true\" class=\"tf_fa tf-fas-home\"><use href=\"#tf-fas-home\"><\/use><\/svg><\/em>\n\t\t\t\t\t\t\t\t\t\t\t\t                    \t\t\t\t\t<span class=\"tf_vmiddle\">Official Amtra Group website<\/span>\n                                    \t\t\t\t\t\t\t<\/a>\n\t\t\t\t    <\/div>\n\t\t    <div class=\"module-icon-item tf_inline_b\">\n\t\t\t\t\t\t\t<a href=\"https:\/\/www.youtube.com\/c\/MojeAutoZawszeZadbane\" rel=\"noopener\" target=\"_blank\">\n\t\t\t\t\t\t\t\t\t\t\t\t\t\t\t\t\t<em class=\"ui tf_vmiddle tf_textc tf_box \" style=\"background-color: #006fb1\"><svg  aria-hidden=\"true\" class=\"tf_fa tf-ti-youtube\"><use href=\"#tf-ti-youtube\"><\/use><\/svg><\/em>\n\t\t\t\t\t\t\t\t\t\t\t\t                    \t\t\t\t\t<span class=\"tf_vmiddle\">Youtube My car<\/span>\n                                    \t\t\t\t\t\t\t<\/a>\n\t\t\t\t    <\/div>\n\t<\/div>\n<!-- \/module icon -->\n\t        <\/div>\n\t    \t<\/div>\n\t\t    <\/div>\n\t    <!-- \/row_inner -->\n\t<\/div>\n\t<!-- \/module_row -->\n\t\t<!-- module_row -->\n\t<div  data-lazy=\"1\" class=\"module_row themify_builder_row tb_3mvg632 tf_clearfix\">\n\t    \t\t<div class=\"row_inner col_align_top col-count-1 tf_box tf_w tf_rel\">\n\t\t\t<div  data-lazy=\"1\" class=\"module_column tb-column col-full first tb_tqcg633 tf_box\">\n\t\t\t    \t        <div class=\"tb-column-inner tf_box tf_w\">\n\t\t    <!-- module text -->\n<div  class=\"module module-text tb_vhat633   \" data-lazy=\"1\">\n        <div  class=\"tb_text_wrap\">\n    <h3 style=\"text-align: center;\">Brands<\/h3>    <\/div>\n<\/div>\n<!-- \/module text -->\t        <\/div>\n\t    \t<\/div>\n\t\t    <\/div>\n\t    <!-- \/row_inner -->\n\t<\/div>\n\t<!-- \/module_row -->\n\t\t<!-- module_row -->\n\t<div  data-lazy=\"1\" class=\"module_row themify_builder_row tb_5v9r217 tf_clearfix\">\n\t    \t\t<div class=\"row_inner col_align_top col-count-5 tf_box tf_w tf_rel\">\n\t\t\t<div  data-lazy=\"1\" class=\"module_column tb-column col5-1 first tb_afps218 tf_box\">\n\t\t\t    \t        <div class=\"tb-column-inner tf_box tf_w\">\n\t\t    <!-- module image -->\n<div  class=\"module module-image tb_1oev218   image-top tf_mw\" data-lazy=\"1\">\n        <div class=\"image-wrap tf_rel tf_mw\">\n\t\t    <img loading=\"lazy\" decoding=\"async\" width=\"160\" height=\"103\" src=\"https:\/\/www.lomas.si\/wp-content\/uploads\/2022\/10\/MA.jpg\" class=\"wp-post-image wp-image-1307\" title=\"MA\" alt=\"MA\">\t\n\t\t<\/div>\n\t<!-- \/image-wrap -->\n    \n    \t<\/div>\n<!-- \/module image -->\t        <\/div>\n\t    \t<\/div>\n\t\t<div  data-lazy=\"1\" class=\"module_column tb-column col5-1 second tb_7eqs218 tf_box\">\n\t\t\t    \t        <div class=\"tb-column-inner tf_box tf_w\">\n\t\t    <!-- module image -->\n<div  class=\"module module-image tb_6tax218   image-top tf_mw\" data-lazy=\"1\">\n        <div class=\"image-wrap tf_rel tf_mw\">\n\t\t    <img loading=\"lazy\" decoding=\"async\" src=\"https:\/\/www.lomas.si\/wp-content\/uploads\/2022\/11\/moje-auto-160x98.jpg\" width=\"160\" height=\"98\" class=\"wp-post-image wp-image-1340\" title=\"moje auto\" alt=\"moje auto\" srcset=\"https:\/\/www.lomas.si\/wp-content\/uploads\/2022\/11\/moje-auto-160x98.jpg 160w, https:\/\/www.lomas.si\/wp-content\/uploads\/2022\/11\/moje-auto.jpg 238w\" sizes=\"auto, (max-width: 160px) 100vw, 160px\" \/>\t\n\t\t<\/div>\n\t<!-- \/image-wrap -->\n    \n    \t<\/div>\n<!-- \/module image -->\t        <\/div>\n\t    \t<\/div>\n\t\t<div  data-lazy=\"1\" class=\"module_column tb-column col5-1 third tb_9wxw218 tf_box\">\n\t\t\t    \t        <div class=\"tb-column-inner tf_box tf_w\">\n\t\t    <!-- module image -->\n<div  class=\"module module-image tb_tmc3218   image-top tf_mw\" data-lazy=\"1\">\n        <div class=\"image-wrap tf_rel tf_mw\">\n\t\t    <img loading=\"lazy\" decoding=\"async\" src=\"https:\/\/www.lomas.si\/wp-content\/uploads\/2022\/11\/clinex-1024x417-160x65.jpg\" width=\"160\" height=\"65\" class=\"wp-post-image wp-image-1341\" title=\"clinex\" alt=\"clinex\" srcset=\"https:\/\/www.lomas.si\/wp-content\/uploads\/2022\/11\/clinex-1024x417-160x65.jpg 160w, https:\/\/www.lomas.si\/wp-content\/uploads\/2022\/11\/clinex-300x122.jpg 300w, https:\/\/www.lomas.si\/wp-content\/uploads\/2022\/11\/clinex-1024x417.jpg 1024w, https:\/\/www.lomas.si\/wp-content\/uploads\/2022\/11\/clinex-768x313.jpg 768w, https:\/\/www.lomas.si\/wp-content\/uploads\/2022\/11\/clinex-1536x625.jpg 1536w, https:\/\/www.lomas.si\/wp-content\/uploads\/2022\/11\/clinex.jpg 1919w\" sizes=\"auto, (max-width: 160px) 100vw, 160px\" \/>\t\n\t\t<\/div>\n\t<!-- \/image-wrap -->\n    \n    \t<\/div>\n<!-- \/module image -->\t        <\/div>\n\t    \t<\/div>\n\t\t<div  data-lazy=\"1\" class=\"module_column tb-column col5-1 fourth tb_o579218 tf_box\">\n\t\t\t    \t<\/div>\n\t\t<div  data-lazy=\"1\" class=\"module_column tb-column col5-1 last tb_gaam218 tf_box\">\n\t\t\t    \t<\/div>\n\t\t    <\/div>\n\t    <!-- \/row_inner -->\n\t<\/div>\n\t<!-- \/module_row -->\n\t<\/div>\n<!--\/themify_builder_content-->","protected":false},"excerpt":{"rendered":"<p>Amtra Group Amtra Group je bila ustanovljena leta 1992 z zdru\u017eitvijo treh podjetij: Amtra, Nanochem in Five Star. So eni od vodilnih podjetij za distribucijo in proizvodnjo profesionalnih in navadnih \u010distil za nego avtomobilov ter profesionalnih \u010distil za HoReCa sektor na poljskem trgu. Kakovost in u\u010dinkovitost proizvodov zagotavlja moderno opremljen laboratorij in oddelek za raziskave [&hellip;]<\/p>\n","protected":false},"author":3,"featured_media":0,"parent":0,"menu_order":0,"comment_status":"closed","ping_status":"closed","template":"","meta":{"inline_featured_image":false,"footnotes":""},"class_list":["post-1457","page","type-page","status-publish","hentry","has-post-title","has-post-date","has-post-category","has-post-tag","has-post-comment","has-post-author",""],"yoast_head":"<!-- This site is optimized with the Yoast SEO plugin v27.2 - https:\/\/yoast.com\/product\/yoast-seo-wordpress\/ -->\n<title>Amtra Group - LOMAS<\/title>\n<meta name=\"robots\" content=\"index, follow, max-snippet:-1, max-image-preview:large, max-video-preview:-1\" \/>\n<link rel=\"canonical\" href=\"https:\/\/www.lomas.si\/en\/amtra-group\/\" \/>\n<meta property=\"og:locale\" content=\"en_US\" \/>\n<meta property=\"og:type\" content=\"article\" \/>\n<meta property=\"og:title\" content=\"Amtra Group - LOMAS\" \/>\n<meta property=\"og:description\" content=\"Amtra Group Amtra Group je bila ustanovljena leta 1992 z zdru\u017eitvijo treh podjetij: Amtra, Nanochem in Five Star. So eni od vodilnih podjetij za distribucijo in proizvodnjo profesionalnih in navadnih \u010distil za nego avtomobilov ter profesionalnih \u010distil za HoReCa sektor na poljskem trgu. Kakovost in u\u010dinkovitost proizvodov zagotavlja moderno opremljen laboratorij in oddelek za raziskave [&hellip;]\" \/>\n<meta property=\"og:url\" content=\"https:\/\/www.lomas.si\/en\/amtra-group\/\" \/>\n<meta property=\"og:site_name\" content=\"LOMAS\" \/>\n<meta property=\"article:modified_time\" content=\"2023-06-13T06:54:52+00:00\" \/>\n<meta property=\"og:image\" content=\"https:\/\/www.lomas.si\/wp-content\/uploads\/2022\/11\/amtra.gif\" \/>\n<meta name=\"twitter:card\" content=\"summary_large_image\" \/>\n<meta name=\"twitter:label1\" content=\"Est. reading time\" \/>\n\t<meta name=\"twitter:data1\" content=\"1 minute\" \/>\n<script type=\"application\/ld+json\" class=\"yoast-schema-graph\">{\"@context\":\"https:\/\/schema.org\",\"@graph\":[{\"@type\":\"WebPage\",\"@id\":\"https:\/\/www.lomas.si\/en\/amtra-group\/\",\"url\":\"https:\/\/www.lomas.si\/en\/amtra-group\/\",\"name\":\"Amtra Group - LOMAS\",\"isPartOf\":{\"@id\":\"https:\/\/www.lomas.si\/en\/#website\"},\"primaryImageOfPage\":{\"@id\":\"https:\/\/www.lomas.si\/en\/amtra-group\/#primaryimage\"},\"image\":{\"@id\":\"https:\/\/www.lomas.si\/en\/amtra-group\/#primaryimage\"},\"thumbnailUrl\":\"https:\/\/www.lomas.si\/wp-content\/uploads\/2022\/11\/amtra.gif\",\"datePublished\":\"2022-11-03T08:30:35+00:00\",\"dateModified\":\"2023-06-13T06:54:52+00:00\",\"breadcrumb\":{\"@id\":\"https:\/\/www.lomas.si\/en\/amtra-group\/#breadcrumb\"},\"inLanguage\":\"en-US\",\"potentialAction\":[{\"@type\":\"ReadAction\",\"target\":[\"https:\/\/www.lomas.si\/en\/amtra-group\/\"]}]},{\"@type\":\"ImageObject\",\"inLanguage\":\"en-US\",\"@id\":\"https:\/\/www.lomas.si\/en\/amtra-group\/#primaryimage\",\"url\":\"https:\/\/www.lomas.si\/wp-content\/uploads\/2022\/11\/amtra.gif\",\"contentUrl\":\"https:\/\/www.lomas.si\/wp-content\/uploads\/2022\/11\/amtra.gif\"},{\"@type\":\"BreadcrumbList\",\"@id\":\"https:\/\/www.lomas.si\/en\/amtra-group\/#breadcrumb\",\"itemListElement\":[{\"@type\":\"ListItem\",\"position\":1,\"name\":\"Home\",\"item\":\"https:\/\/www.lomas.si\/en\/home-2\/\"},{\"@type\":\"ListItem\",\"position\":2,\"name\":\"Amtra Group\"}]},{\"@type\":\"WebSite\",\"@id\":\"https:\/\/www.lomas.si\/en\/#website\",\"url\":\"https:\/\/www.lomas.si\/en\/\",\"name\":\"LOMAS\",\"description\":\"Naravnost k najbolj\u0161im\",\"publisher\":{\"@id\":\"https:\/\/www.lomas.si\/en\/#organization\"},\"potentialAction\":[{\"@type\":\"SearchAction\",\"target\":{\"@type\":\"EntryPoint\",\"urlTemplate\":\"https:\/\/www.lomas.si\/en\/?s={search_term_string}\"},\"query-input\":{\"@type\":\"PropertyValueSpecification\",\"valueRequired\":true,\"valueName\":\"search_term_string\"}}],\"inLanguage\":\"en-US\"},{\"@type\":\"Organization\",\"@id\":\"https:\/\/www.lomas.si\/en\/#organization\",\"name\":\"LOMAS\",\"url\":\"https:\/\/www.lomas.si\/en\/\",\"logo\":{\"@type\":\"ImageObject\",\"inLanguage\":\"en-US\",\"@id\":\"https:\/\/www.lomas.si\/en\/#\/schema\/logo\/image\/\",\"url\":\"https:\/\/www.lomas.si\/wp-content\/uploads\/2023\/07\/lomas_logo-brez-slogana_2.1.png\",\"contentUrl\":\"https:\/\/www.lomas.si\/wp-content\/uploads\/2023\/07\/lomas_logo-brez-slogana_2.1.png\",\"width\":1223,\"height\":302,\"caption\":\"LOMAS\"},\"image\":{\"@id\":\"https:\/\/www.lomas.si\/en\/#\/schema\/logo\/image\/\"}}]}<\/script>\n<!-- \/ Yoast SEO plugin. -->","yoast_head_json":{"title":"Amtra Group - LOMAS","robots":{"index":"index","follow":"follow","max-snippet":"max-snippet:-1","max-image-preview":"max-image-preview:large","max-video-preview":"max-video-preview:-1"},"canonical":"https:\/\/www.lomas.si\/en\/amtra-group\/","og_locale":"en_US","og_type":"article","og_title":"Amtra Group - LOMAS","og_description":"Amtra Group Amtra Group je bila ustanovljena leta 1992 z zdru\u017eitvijo treh podjetij: Amtra, Nanochem in Five Star. So eni od vodilnih podjetij za distribucijo in proizvodnjo profesionalnih in navadnih \u010distil za nego avtomobilov ter profesionalnih \u010distil za HoReCa sektor na poljskem trgu. Kakovost in u\u010dinkovitost proizvodov zagotavlja moderno opremljen laboratorij in oddelek za raziskave [&hellip;]","og_url":"https:\/\/www.lomas.si\/en\/amtra-group\/","og_site_name":"LOMAS","article_modified_time":"2023-06-13T06:54:52+00:00","og_image":[{"url":"https:\/\/www.lomas.si\/wp-content\/uploads\/2022\/11\/amtra.gif","type":"","width":"","height":""}],"twitter_card":"summary_large_image","twitter_misc":{"Est. reading time":"1 minute"},"schema":{"@context":"https:\/\/schema.org","@graph":[{"@type":"WebPage","@id":"https:\/\/www.lomas.si\/en\/amtra-group\/","url":"https:\/\/www.lomas.si\/en\/amtra-group\/","name":"Amtra Group - LOMAS","isPartOf":{"@id":"https:\/\/www.lomas.si\/en\/#website"},"primaryImageOfPage":{"@id":"https:\/\/www.lomas.si\/en\/amtra-group\/#primaryimage"},"image":{"@id":"https:\/\/www.lomas.si\/en\/amtra-group\/#primaryimage"},"thumbnailUrl":"https:\/\/www.lomas.si\/wp-content\/uploads\/2022\/11\/amtra.gif","datePublished":"2022-11-03T08:30:35+00:00","dateModified":"2023-06-13T06:54:52+00:00","breadcrumb":{"@id":"https:\/\/www.lomas.si\/en\/amtra-group\/#breadcrumb"},"inLanguage":"en-US","potentialAction":[{"@type":"ReadAction","target":["https:\/\/www.lomas.si\/en\/amtra-group\/"]}]},{"@type":"ImageObject","inLanguage":"en-US","@id":"https:\/\/www.lomas.si\/en\/amtra-group\/#primaryimage","url":"https:\/\/www.lomas.si\/wp-content\/uploads\/2022\/11\/amtra.gif","contentUrl":"https:\/\/www.lomas.si\/wp-content\/uploads\/2022\/11\/amtra.gif"},{"@type":"BreadcrumbList","@id":"https:\/\/www.lomas.si\/en\/amtra-group\/#breadcrumb","itemListElement":[{"@type":"ListItem","position":1,"name":"Home","item":"https:\/\/www.lomas.si\/en\/home-2\/"},{"@type":"ListItem","position":2,"name":"Amtra Group"}]},{"@type":"WebSite","@id":"https:\/\/www.lomas.si\/en\/#website","url":"https:\/\/www.lomas.si\/en\/","name":"LOMAS","description":"Naravnost k najbolj\u0161im","publisher":{"@id":"https:\/\/www.lomas.si\/en\/#organization"},"potentialAction":[{"@type":"SearchAction","target":{"@type":"EntryPoint","urlTemplate":"https:\/\/www.lomas.si\/en\/?s={search_term_string}"},"query-input":{"@type":"PropertyValueSpecification","valueRequired":true,"valueName":"search_term_string"}}],"inLanguage":"en-US"},{"@type":"Organization","@id":"https:\/\/www.lomas.si\/en\/#organization","name":"LOMAS","url":"https:\/\/www.lomas.si\/en\/","logo":{"@type":"ImageObject","inLanguage":"en-US","@id":"https:\/\/www.lomas.si\/en\/#\/schema\/logo\/image\/","url":"https:\/\/www.lomas.si\/wp-content\/uploads\/2023\/07\/lomas_logo-brez-slogana_2.1.png","contentUrl":"https:\/\/www.lomas.si\/wp-content\/uploads\/2023\/07\/lomas_logo-brez-slogana_2.1.png","width":1223,"height":302,"caption":"LOMAS"},"image":{"@id":"https:\/\/www.lomas.si\/en\/#\/schema\/logo\/image\/"}}]}},"builder_content":"<h2>Amtra Group<\/h2>\n<img loading=\"lazy\" decoding=\"async\" width=\"980\" height=\"263\" src=\"https:\/\/www.lomas.si\/wp-content\/uploads\/2022\/11\/amtra.gif\" title=\"amtra\" alt=\"amtra\">\n<p>Amtra Group was founded in 1992 by the merger of three companies: Amtra, Nanochem and Five Star. They are one of the leading companies for the distribution and production of professional and ordinary car care cleaners and professional cleaners for the HoReCa sector on the Polish market. The quality and efficiency of the products is guaranteed by a modern laboratory and a research and development department. They enrich their experience and knowledge through cooperation with Polish and foreign universities. They are aware of the importance of ecology, so they systematically implement environmentally friendly changes. The first step is the introduction of environmentally friendly packaging and professional cleaners, in the future they plan to replace the fleet with electric vehicles and introduce electric collectors to supply the warehouse.<\/p>\n\n<h3 style=\"text-align: center;\">Useful links<\/h3>\n<a href=\"https:\/\/amtra.co\/\" rel=\"noopener\" target=\"_blank\"> <em style=\"background-color: #006fb1\"><svg aria-hidden=\"true\"><use href=\"#tf-fas-home\"><\/use><\/svg><\/em> Official Amtra Group website <\/a> <a href=\"https:\/\/www.youtube.com\/c\/MojeAutoZawszeZadbane\" rel=\"noopener\" target=\"_blank\"> <em style=\"background-color: #006fb1\"><svg aria-hidden=\"true\"><use href=\"#tf-ti-youtube\"><\/use><\/svg><\/em> Youtube My car <\/a>\n<h3 style=\"text-align: center;\">Brands<\/h3>\n<img loading=\"lazy\" decoding=\"async\" width=\"160\" height=\"103\" src=\"https:\/\/www.lomas.si\/wp-content\/uploads\/2022\/10\/MA.jpg\" title=\"MA\" alt=\"MA\">\n<img loading=\"lazy\" decoding=\"async\" src=\"https:\/\/www.lomas.si\/wp-content\/uploads\/2022\/11\/moje-auto-160x98.jpg\" width=\"160\" height=\"98\" title=\"moje auto\" alt=\"moje auto\" srcset=\"https:\/\/www.lomas.si\/wp-content\/uploads\/2022\/11\/moje-auto-160x98.jpg 160w, https:\/\/www.lomas.si\/wp-content\/uploads\/2022\/11\/moje-auto.jpg 238w\" sizes=\"auto, (max-width: 160px) 100vw, 160px\" \/>\n<img loading=\"lazy\" decoding=\"async\" src=\"https:\/\/www.lomas.si\/wp-content\/uploads\/2022\/11\/clinex-1024x417-160x65.jpg\" width=\"160\" height=\"65\" title=\"clinex\" alt=\"clinex\" srcset=\"https:\/\/www.lomas.si\/wp-content\/uploads\/2022\/11\/clinex-1024x417-160x65.jpg 160w, https:\/\/www.lomas.si\/wp-content\/uploads\/2022\/11\/clinex-300x122.jpg 300w, https:\/\/www.lomas.si\/wp-content\/uploads\/2022\/11\/clinex-1024x417.jpg 1024w, https:\/\/www.lomas.si\/wp-content\/uploads\/2022\/11\/clinex-768x313.jpg 768w, https:\/\/www.lomas.si\/wp-content\/uploads\/2022\/11\/clinex-1536x625.jpg 1536w, https:\/\/www.lomas.si\/wp-content\/uploads\/2022\/11\/clinex.jpg 1919w\" sizes=\"auto, (max-width: 160px) 100vw, 160px\" \/>\n<h3 style=\"text-align: center;\">MA products<\/h3>\n<img loading=\"lazy\" decoding=\"async\" src=\"https:\/\/www.lomas.si\/wp-content\/uploads\/2022\/11\/Untitled-1-200x200.jpg\" width=\"200\" height=\"200\" title=\"Untitled-1\" alt=\"Hanger 1\" srcset=\"https:\/\/www.lomas.si\/wp-content\/uploads\/2022\/11\/Untitled-1-200x200.jpg 200w, https:\/\/www.lomas.si\/wp-content\/uploads\/2022\/11\/Untitled-1-150x150.jpg 150w, https:\/\/www.lomas.si\/wp-content\/uploads\/2022\/11\/Untitled-1.jpg 211w\" sizes=\"auto, (max-width: 200px) 100vw, 200px\" \/> \n <h4 class='tb-menu-title'>Hanger 1<\/h4> A wonderful fragrance, it pleasantly scents the room, apartment, house\n<img loading=\"lazy\" decoding=\"async\" src=\"https:\/\/www.lomas.si\/wp-content\/uploads\/2022\/11\/Untitled-2-200x200.jpg\" width=\"200\" height=\"200\" title=\"Untitled-2\" alt=\"Hanger 2\" srcset=\"https:\/\/www.lomas.si\/wp-content\/uploads\/2022\/11\/Untitled-2-200x200.jpg 200w, https:\/\/www.lomas.si\/wp-content\/uploads\/2022\/11\/Untitled-2-150x150.jpg 150w, https:\/\/www.lomas.si\/wp-content\/uploads\/2022\/11\/Untitled-2.jpg 211w\" sizes=\"auto, (max-width: 200px) 100vw, 200px\" \/> \n <h4 class='tb-menu-title'>Hanger 2<\/h4> A wonderful fragrance, it pleasantly scents the room, apartment, house\n<img loading=\"lazy\" decoding=\"async\" src=\"https:\/\/www.lomas.si\/wp-content\/uploads\/2022\/11\/Untitled-3-200x200.jpg\" width=\"200\" height=\"200\" title=\"Untitled-3\" alt=\"Hanger 3\" srcset=\"https:\/\/www.lomas.si\/wp-content\/uploads\/2022\/11\/Untitled-3-200x200.jpg 200w, https:\/\/www.lomas.si\/wp-content\/uploads\/2022\/11\/Untitled-3-150x150.jpg 150w, https:\/\/www.lomas.si\/wp-content\/uploads\/2022\/11\/Untitled-3.jpg 211w\" sizes=\"auto, (max-width: 200px) 100vw, 200px\" \/> \n <h4 class='tb-menu-title'>Hanger 3<\/h4> A wonderful fragrance, it pleasantly scents the room, apartment, house\n<img loading=\"lazy\" decoding=\"async\" src=\"https:\/\/www.lomas.si\/wp-content\/uploads\/2022\/11\/Untitled-4-200x200.jpg\" width=\"200\" height=\"200\" title=\"Untitled-4\" alt=\"Hanger 4\" srcset=\"https:\/\/www.lomas.si\/wp-content\/uploads\/2022\/11\/Untitled-4-200x200.jpg 200w, https:\/\/www.lomas.si\/wp-content\/uploads\/2022\/11\/Untitled-4-150x150.jpg 150w, https:\/\/www.lomas.si\/wp-content\/uploads\/2022\/11\/Untitled-4.jpg 211w\" sizes=\"auto, (max-width: 200px) 100vw, 200px\" \/> \n <h4 class='tb-menu-title'>Hanger 4<\/h4> A wonderful fragrance, it pleasantly scents the room, apartment, house\n<img loading=\"lazy\" decoding=\"async\" src=\"https:\/\/www.lomas.si\/wp-content\/uploads\/2022\/11\/Untitled-5-200x200.jpg\" width=\"200\" height=\"200\" title=\"Untitled-5\" alt=\"Hanger 5\" srcset=\"https:\/\/www.lomas.si\/wp-content\/uploads\/2022\/11\/Untitled-5-200x200.jpg 200w, https:\/\/www.lomas.si\/wp-content\/uploads\/2022\/11\/Untitled-5-150x150.jpg 150w, https:\/\/www.lomas.si\/wp-content\/uploads\/2022\/11\/Untitled-5.jpg 211w\" sizes=\"auto, (max-width: 200px) 100vw, 200px\" \/> \n <h4 class='tb-menu-title'>Hanger 5<\/h4> A wonderful fragrance, it pleasantly scents the room, apartment, house","_links":{"self":[{"href":"https:\/\/www.lomas.si\/en\/wp-json\/wp\/v2\/pages\/1457","targetHints":{"allow":["GET"]}}],"collection":[{"href":"https:\/\/www.lomas.si\/en\/wp-json\/wp\/v2\/pages"}],"about":[{"href":"https:\/\/www.lomas.si\/en\/wp-json\/wp\/v2\/types\/page"}],"author":[{"embeddable":true,"href":"https:\/\/www.lomas.si\/en\/wp-json\/wp\/v2\/users\/3"}],"replies":[{"embeddable":true,"href":"https:\/\/www.lomas.si\/en\/wp-json\/wp\/v2\/comments?post=1457"}],"version-history":[{"count":1,"href":"https:\/\/www.lomas.si\/en\/wp-json\/wp\/v2\/pages\/1457\/revisions"}],"predecessor-version":[{"id":1458,"href":"https:\/\/www.lomas.si\/en\/wp-json\/wp\/v2\/pages\/1457\/revisions\/1458"}],"wp:attachment":[{"href":"https:\/\/www.lomas.si\/en\/wp-json\/wp\/v2\/media?parent=1457"}],"curies":[{"name":"wp","href":"https:\/\/api.w.org\/{rel}","templated":true}]}}