{"id":1525,"date":"2022-11-02T09:51:34","date_gmt":"2022-11-02T09:51:34","guid":{"rendered":"https:\/\/www.lomas.si\/vacancy-notice\/"},"modified":"2023-07-26T10:48:32","modified_gmt":"2023-07-26T10:48:32","slug":"vacancy-notice","status":"publish","type":"page","link":"https:\/\/www.lomas.si\/en\/vacancy-notice\/","title":{"rendered":"Vacancy notice"},"content":{"rendered":"<!--themify_builder_content-->\n<div id=\"themify_builder_content-1525\" data-postid=\"1525\" class=\"themify_builder_content themify_builder_content-1525 themify_builder tf_clear\">\n    \t<!-- module_row -->\n\t<div  data-lazy=\"1\" class=\"module_row themify_builder_row fullcover tb_c2ej994 tb_first tf_clearfix\" >\n\t    <div class=\"builder_row_cover tf_abs\"><\/div>\t\t<div class=\"row_inner col_align_top col-count-1 tf_box tf_w tf_rel\">\n\t\t\t<div  data-lazy=\"1\" class=\"module_column tb-column col-full first tb_58m3396 tf_box\">\n\t\t\t    \t        <div class=\"tb-column-inner tf_box tf_w\">\n\t\t    <!-- module text -->\n<div  class=\"module module-text tb_x3vm800   \" data-lazy=\"1\">\n        <div  class=\"tb_text_wrap\">\n    <h1>Vacancy notice<\/h1>\r\n<h5>Do you have the desire to become a part of an exceptional team?<\/h5>    <\/div>\n<\/div>\n<!-- \/module text -->\t        <\/div>\n\t    \t<\/div>\n\t\t    <\/div>\n\t    <!-- \/row_inner -->\n\t<\/div>\n\t<!-- \/module_row -->\n\t\t<!-- module_row -->\n\t<div  data-lazy=\"1\" class=\"module_row themify_builder_row repeat tb_06o5444 tf_clearfix\" >\n\t    \t\t<div class=\"row_inner col_align_top col-count-2 tf_box tf_w tf_rel\">\n\t\t\t<div  data-lazy=\"1\" class=\"module_column tb-column col4-1 first tb_06re904 tf_box\">\n\t\t\t    \t        <div class=\"tb-column-inner tf_box tf_w\">\n\t\t    <!-- module menu -->\n<div  class=\"module module-menu tb_w6j4649  mobile-menu-slide tf_textl\" data-menu-style=\"mobile-menu-slide\" data-menu-breakpoint=\"0\" data-element-id=\"tb_w6j4649\" data-lazy=\"1\">\n    \t\n\t<div class=\"module-menu-container tf_textl\"><ul id=\"menu-prosta-delovna-mesta\" class=\"ui tf_clearfix nav tf_rel vertical tb_default_color \"><li id=\"menu-item-589\" class=\"menu-item-page-1525 menu-item menu-item-type-post_type menu-item-object-page current-menu-item page_item page-item-1525 current_page_item menu-item-589\"><a href=\"https:\/\/www.lomas.si\/en\/vacancy-notice\/\" aria-current=\"page\">Vacancy notice<\/a><\/li>\n<\/ul><\/div>\t\t<style>\n\t\t\t.mobile-menu-module[data-module=\"tb_w6j4649\"] {\n\t\t\t\tright: -300px;\n\t\t\t}\n\t\t<\/style>\n\t<\/div>\n<!-- \/module menu -->\n\t        <\/div>\n\t    \t<\/div>\n\t\t<div  data-lazy=\"1\" class=\"module_column tb-column col4-3 last tb_do16049 tf_box\">\n\t\t\t    \t        <div class=\"tb-column-inner tf_box tf_w\">\n\t\t    <!-- module text -->\n<div  class=\"module module-text tb_ncps044   \" data-lazy=\"1\">\n        <div  class=\"tb_text_wrap\">\n    <p>In an excellent dynamic team, there is a need for successful and reliable colleagues whose work would represent a new challenge to achieve their career goals. <\/p>\r\n<p>You can send your application to <a href=\"mailto:kadri@lomas.si\">kadri@lomas.si,<\/a> under &#8220;Subject&#8221; indicate which position you are applying for. Please note that due to the large number of applications, we are not always able to respond to every single request. <\/p>\r\n<p>An indefinite contract with a trial period of 3 months will be concluded with the selected candidate (m\/f). If you are interested in the job, please send your presentation (CV) to <a href=\"mailto:kadri@lomas.si\">kadri@lomas.si<\/a> or fill out the form below.<\/p>    <\/div>\n<\/div>\n<!-- \/module text --><!-- module plain text -->\n<div  class=\"module module-plain-text tb_eqah785 \" data-lazy=\"1\">\n        <div class=\"tb_text_wrap\">\n\t<script type=\"text\/javascript\" src=\"\/\/ema.lomas.si\/form\/generate.js?id=7\"><\/script>    <\/div>\n<\/div>\n<!-- \/module plain text -->\t        <\/div>\n\t    \t<\/div>\n\t\t    <\/div>\n\t    <!-- \/row_inner -->\n\t<\/div>\n\t<!-- \/module_row -->\n\t\t<!-- module_row -->\n\t<div  data-css_id=\"d1sw810\" data-lazy=\"1\" class=\"module_row themify_builder_row fullwidth tb_d1sw810 tf_clearfix\" >\n\t    \t\t<div class=\"row_inner col_align_top col-count-3 tf_box tf_w tf_rel\">\n\t\t\t<div  data-lazy=\"1\" class=\"module_column tb-column col3-1 first tb_k89m582 tf_box\">\n\t\t\t    \t        <div class=\"tb-column-inner tf_box tf_w\">\n\t\t    <!-- module feature -->\n<div  class=\"module module-feature tb_4tzs815 with-chart layout-icon-top size-small \" data-layout-mobile=\"icon-top\" data-layout-desktop=\"icon-top\" data-lazy=\"1\">\n        <div class=\"module-feature-image tf_textc tf_rel\">\n\t\t\t\t\t\t\t<a href=\"https:\/\/www.lomas.si\/en\/key-account-manager-junior\/\">\n\t\t\t\t\t<span class=\"module-feature-chart-html5 tf_box tf_rel tf_inline_b\">\n\t\t\t\t\t\t\t<svg class=\"tf_abs tf_w tf_h\">\n\t\t\t\t<circle class=\"tb_feature_fill\" r=\"calc(50% - 1.00px)\" cx=\"50%\" cy=\"50%\" stroke-width=\"2\"\/>\n\t\t\t\t<circle class=\"tb_feature_stroke\" r=\"calc(50% - 1.00px)\" cx=\"50%\" cy=\"50%\" stroke=\"#c73a3a\" stroke-width=\"2\" data-progress=\"100\" stroke-dasharray=\"0,10000\"\/>\n\t\t\t\t\t\t\t\t<\/svg>\n\t\t\t\t\t\t\t<span class=\"chart-html5-circle tf_w tf_h\">\n\t\t\t\t\t\t\t\t\t\t\t\t\t\t\t\t\t\t<em class=\"module-feature-icon tf_rel\" style=\"color:#c73a3a\"><svg  aria-hidden=\"true\" class=\"tf_fa tf-far-edit\"><use href=\"#tf-far-edit\"><\/use><\/svg><\/em>\n\t\t\t\t\t\t\t\t\t\t\t\t\t\t\t<\/span>\n\n\t\t\t\t\n\t\t\t<\/span>\n\t\t\t\t\t\t<\/a>\n\t\t    <\/div>\n    <div class=\"module-feature-content tf_textc\">\n\t\t\t\t<div class=\"tb_text_wrap\">\n\t\t\t<h4> <\/h4>\r\n<h4>KEY ACCOUT MANAGER JUNIOR m\/f<\/h4>\t\t<\/div>\n    <\/div>\n<\/div>\n<!-- \/module feature -->\n\t        <\/div>\n\t    \t<\/div>\n\t\t<div  data-lazy=\"1\" class=\"module_column tb-column col3-1 middle tb_2erd055 tf_box\">\n\t\t\t    \t        <div class=\"tb-column-inner tf_box tf_w\">\n\t\t    <!-- module feature -->\n<div  class=\"module module-feature tb_k7mf701 with-chart layout-icon-top size-small \" data-layout-mobile=\"icon-top\" data-layout-desktop=\"icon-top\" data-lazy=\"1\">\n        <div class=\"module-feature-image tf_textc tf_rel\">\n\t\t\t\t\t\t\t<a href=\"https:\/\/www.lomas.si\/en\/sales-assistant\/\">\n\t\t\t\t\t<span class=\"module-feature-chart-html5 tf_box tf_rel tf_inline_b\">\n\t\t\t\t\t\t\t<svg class=\"tf_abs tf_w tf_h\">\n\t\t\t\t<circle class=\"tb_feature_fill\" r=\"calc(50% - 1.00px)\" cx=\"50%\" cy=\"50%\" stroke-width=\"2\"\/>\n\t\t\t\t<circle class=\"tb_feature_stroke\" r=\"calc(50% - 1.00px)\" cx=\"50%\" cy=\"50%\" stroke=\"#fa7100\" stroke-width=\"2\" data-progress=\"100\" stroke-dasharray=\"0,10000\"\/>\n\t\t\t\t\t\t\t\t<\/svg>\n\t\t\t\t\t\t\t<span class=\"chart-html5-circle tf_w tf_h\">\n\t\t\t\t\t\t\t\t\t\t\t\t\t\t\t\t\t\t<em class=\"module-feature-icon tf_rel\" style=\"color:#fa7100\"><svg  aria-hidden=\"true\" class=\"tf_fa tf-fas-cogs\"><use href=\"#tf-fas-cogs\"><\/use><\/svg><\/em>\n\t\t\t\t\t\t\t\t\t\t\t\t\t\t\t<\/span>\n\n\t\t\t\t\n\t\t\t<\/span>\n\t\t\t\t\t\t<\/a>\n\t\t    <\/div>\n    <div class=\"module-feature-content tf_textc\">\n\t\t\t\t<div class=\"tb_text_wrap\">\n\t\t\t<h4> <\/h4>\r\n<h4>SALES ASSISTANT m\/f<\/h4>\t\t<\/div>\n    <\/div>\n<\/div>\n<!-- \/module feature -->\n\t        <\/div>\n\t    \t<\/div>\n\t\t<div  data-lazy=\"1\" class=\"module_column tb-column col3-1 last tb_0gpl500 tf_box\">\n\t\t\t    \t        <div class=\"tb-column-inner tf_box tf_w\">\n\t\t    <!-- module feature -->\n<div  class=\"module module-feature tb_lg5x500 with-chart layout-icon-top size-small \" data-layout-mobile=\"icon-top\" data-layout-desktop=\"icon-top\" data-lazy=\"1\">\n        <div class=\"module-feature-image tf_textc tf_rel\">\n\t\t\t\t\t\t\t<a href=\"https:\/\/www.lomas.si\/en\/administrator\/\">\n\t\t\t\t\t<span class=\"module-feature-chart-html5 tf_box tf_rel tf_inline_b\">\n\t\t\t\t\t\t\t<svg class=\"tf_abs tf_w tf_h\">\n\t\t\t\t<circle class=\"tb_feature_fill\" r=\"calc(50% - 1.00px)\" cx=\"50%\" cy=\"50%\" stroke-width=\"2\"\/>\n\t\t\t\t<circle class=\"tb_feature_stroke\" r=\"calc(50% - 1.00px)\" cx=\"50%\" cy=\"50%\" stroke=\"#23c48c\" stroke-width=\"2\" data-progress=\"100\" stroke-dasharray=\"0,10000\"\/>\n\t\t\t\t\t\t\t\t<\/svg>\n\t\t\t\t\t\t\t<span class=\"chart-html5-circle tf_w tf_h\">\n\t\t\t\t\t\t\t\t\t\t\t\t\t\t\t\t\t\t<em class=\"module-feature-icon tf_rel\" style=\"color:#23c48c\"><svg  aria-hidden=\"true\" class=\"tf_fa tf-fas-space-shuttle\"><use href=\"#tf-fas-space-shuttle\"><\/use><\/svg><\/em>\n\t\t\t\t\t\t\t\t\t\t\t\t\t\t\t<\/span>\n\n\t\t\t\t\n\t\t\t<\/span>\n\t\t\t\t\t\t<\/a>\n\t\t    <\/div>\n    <div class=\"module-feature-content tf_textc\">\n\t\t\t\t<div class=\"tb_text_wrap\">\n\t\t\t<h4> <\/h4>\r\n<h4>ADMINISTRATOR m\/f<\/h4>\t\t<\/div>\n    <\/div>\n<\/div>\n<!-- \/module feature -->\n\t        <\/div>\n\t    \t<\/div>\n\t\t    <\/div>\n\t    <!-- \/row_inner -->\n\t<\/div>\n\t<!-- \/module_row -->\n\t\t<!-- module_row -->\n\t<div  data-lazy=\"1\" class=\"module_row themify_builder_row tb_dldh814 tf_clearfix\">\n\t    \t\t<div class=\"row_inner col_align_top col-count-1 tf_box tf_w tf_rel\">\n\t\t\t<div  data-lazy=\"1\" class=\"module_column tb-column col-full first tb_6py7814 tf_box\">\n\t\t\t    \t        <div class=\"tb-column-inner tf_box tf_w\">\n\t\t    <!-- module text -->\n<div  class=\"module module-text tb_yf0d77   \" data-lazy=\"1\">\n        <div  class=\"tb_text_wrap\">\n    <p>If we do not have any vacancies, please send us your offer with your CV for work in our company.<\/p>\r\n<p> <\/p>    <\/div>\n<\/div>\n<!-- \/module text -->\t        <\/div>\n\t    \t<\/div>\n\t\t    <\/div>\n\t    <!-- \/row_inner -->\n\t<\/div>\n\t<!-- \/module_row -->\n\t<\/div>\n<!--\/themify_builder_content-->","protected":false},"excerpt":{"rendered":"<p>Prosta delovna mesta Imate \u017eeljo postati del izjemne ekipe? Prosta delovna mesta Key account manager junior Asistent prodaje Administrator V odli\u010dnem dinami\u010dnem kolektivu se je pojavila potreba po uspe\u0161nih in zanesljivih sodelavcih katerim bi delo predstavljalo nov izziv za dosego svojih kariernih ciljev.\u00a0 Prijavo lahko po\u0161ljete na\u00a0kadri@lomas.si , pod \u00bbZadeva\u00ab navedite za katero delovno mesto [&hellip;]<\/p>\n","protected":false},"author":3,"featured_media":0,"parent":0,"menu_order":0,"comment_status":"closed","ping_status":"closed","template":"","meta":{"inline_featured_image":false,"footnotes":""},"class_list":["post-1525","page","type-page","status-publish","hentry","has-post-title","has-post-date","has-post-category","has-post-tag","has-post-comment","has-post-author",""],"yoast_head":"<!-- This site is optimized with the Yoast SEO plugin v27.2 - https:\/\/yoast.com\/product\/yoast-seo-wordpress\/ -->\n<title>Vacancy notice - LOMAS<\/title>\n<meta name=\"robots\" content=\"index, follow, max-snippet:-1, max-image-preview:large, max-video-preview:-1\" \/>\n<link rel=\"canonical\" href=\"https:\/\/www.lomas.si\/en\/vacancy-notice\/\" \/>\n<meta property=\"og:locale\" content=\"en_US\" \/>\n<meta property=\"og:type\" content=\"article\" \/>\n<meta property=\"og:title\" content=\"Vacancy notice - LOMAS\" \/>\n<meta property=\"og:description\" content=\"Prosta delovna mesta Imate \u017eeljo postati del izjemne ekipe? Prosta delovna mesta Key account manager junior Asistent prodaje Administrator V odli\u010dnem dinami\u010dnem kolektivu se je pojavila potreba po uspe\u0161nih in zanesljivih sodelavcih katerim bi delo predstavljalo nov izziv za dosego svojih kariernih ciljev.\u00a0 Prijavo lahko po\u0161ljete na\u00a0kadri@lomas.si , pod \u00bbZadeva\u00ab navedite za katero delovno mesto [&hellip;]\" \/>\n<meta property=\"og:url\" content=\"https:\/\/www.lomas.si\/en\/vacancy-notice\/\" \/>\n<meta property=\"og:site_name\" content=\"LOMAS\" \/>\n<meta property=\"article:modified_time\" content=\"2023-07-26T10:48:32+00:00\" \/>\n<meta name=\"twitter:card\" content=\"summary_large_image\" \/>\n<meta name=\"twitter:label1\" content=\"Est. reading time\" \/>\n\t<meta name=\"twitter:data1\" content=\"1 minute\" \/>\n<script type=\"application\/ld+json\" class=\"yoast-schema-graph\">{\"@context\":\"https:\/\/schema.org\",\"@graph\":[{\"@type\":\"WebPage\",\"@id\":\"https:\/\/www.lomas.si\/en\/vacancy-notice\/\",\"url\":\"https:\/\/www.lomas.si\/en\/vacancy-notice\/\",\"name\":\"Vacancy notice - LOMAS\",\"isPartOf\":{\"@id\":\"https:\/\/www.lomas.si\/en\/#website\"},\"datePublished\":\"2022-11-02T09:51:34+00:00\",\"dateModified\":\"2023-07-26T10:48:32+00:00\",\"breadcrumb\":{\"@id\":\"https:\/\/www.lomas.si\/en\/vacancy-notice\/#breadcrumb\"},\"inLanguage\":\"en-US\",\"potentialAction\":[{\"@type\":\"ReadAction\",\"target\":[\"https:\/\/www.lomas.si\/en\/vacancy-notice\/\"]}]},{\"@type\":\"BreadcrumbList\",\"@id\":\"https:\/\/www.lomas.si\/en\/vacancy-notice\/#breadcrumb\",\"itemListElement\":[{\"@type\":\"ListItem\",\"position\":1,\"name\":\"Home\",\"item\":\"https:\/\/www.lomas.si\/en\/home-2\/\"},{\"@type\":\"ListItem\",\"position\":2,\"name\":\"Vacancy notice\"}]},{\"@type\":\"WebSite\",\"@id\":\"https:\/\/www.lomas.si\/en\/#website\",\"url\":\"https:\/\/www.lomas.si\/en\/\",\"name\":\"LOMAS\",\"description\":\"Naravnost k najbolj\u0161im\",\"publisher\":{\"@id\":\"https:\/\/www.lomas.si\/en\/#organization\"},\"potentialAction\":[{\"@type\":\"SearchAction\",\"target\":{\"@type\":\"EntryPoint\",\"urlTemplate\":\"https:\/\/www.lomas.si\/en\/?s={search_term_string}\"},\"query-input\":{\"@type\":\"PropertyValueSpecification\",\"valueRequired\":true,\"valueName\":\"search_term_string\"}}],\"inLanguage\":\"en-US\"},{\"@type\":\"Organization\",\"@id\":\"https:\/\/www.lomas.si\/en\/#organization\",\"name\":\"LOMAS\",\"url\":\"https:\/\/www.lomas.si\/en\/\",\"logo\":{\"@type\":\"ImageObject\",\"inLanguage\":\"en-US\",\"@id\":\"https:\/\/www.lomas.si\/en\/#\/schema\/logo\/image\/\",\"url\":\"https:\/\/www.lomas.si\/wp-content\/uploads\/2023\/07\/lomas_logo-brez-slogana_2.1.png\",\"contentUrl\":\"https:\/\/www.lomas.si\/wp-content\/uploads\/2023\/07\/lomas_logo-brez-slogana_2.1.png\",\"width\":1223,\"height\":302,\"caption\":\"LOMAS\"},\"image\":{\"@id\":\"https:\/\/www.lomas.si\/en\/#\/schema\/logo\/image\/\"}}]}<\/script>\n<!-- \/ Yoast SEO plugin. -->","yoast_head_json":{"title":"Vacancy notice - LOMAS","robots":{"index":"index","follow":"follow","max-snippet":"max-snippet:-1","max-image-preview":"max-image-preview:large","max-video-preview":"max-video-preview:-1"},"canonical":"https:\/\/www.lomas.si\/en\/vacancy-notice\/","og_locale":"en_US","og_type":"article","og_title":"Vacancy notice - LOMAS","og_description":"Prosta delovna mesta Imate \u017eeljo postati del izjemne ekipe? Prosta delovna mesta Key account manager junior Asistent prodaje Administrator V odli\u010dnem dinami\u010dnem kolektivu se je pojavila potreba po uspe\u0161nih in zanesljivih sodelavcih katerim bi delo predstavljalo nov izziv za dosego svojih kariernih ciljev.\u00a0 Prijavo lahko po\u0161ljete na\u00a0kadri@lomas.si , pod \u00bbZadeva\u00ab navedite za katero delovno mesto [&hellip;]","og_url":"https:\/\/www.lomas.si\/en\/vacancy-notice\/","og_site_name":"LOMAS","article_modified_time":"2023-07-26T10:48:32+00:00","twitter_card":"summary_large_image","twitter_misc":{"Est. reading time":"1 minute"},"schema":{"@context":"https:\/\/schema.org","@graph":[{"@type":"WebPage","@id":"https:\/\/www.lomas.si\/en\/vacancy-notice\/","url":"https:\/\/www.lomas.si\/en\/vacancy-notice\/","name":"Vacancy notice - LOMAS","isPartOf":{"@id":"https:\/\/www.lomas.si\/en\/#website"},"datePublished":"2022-11-02T09:51:34+00:00","dateModified":"2023-07-26T10:48:32+00:00","breadcrumb":{"@id":"https:\/\/www.lomas.si\/en\/vacancy-notice\/#breadcrumb"},"inLanguage":"en-US","potentialAction":[{"@type":"ReadAction","target":["https:\/\/www.lomas.si\/en\/vacancy-notice\/"]}]},{"@type":"BreadcrumbList","@id":"https:\/\/www.lomas.si\/en\/vacancy-notice\/#breadcrumb","itemListElement":[{"@type":"ListItem","position":1,"name":"Home","item":"https:\/\/www.lomas.si\/en\/home-2\/"},{"@type":"ListItem","position":2,"name":"Vacancy notice"}]},{"@type":"WebSite","@id":"https:\/\/www.lomas.si\/en\/#website","url":"https:\/\/www.lomas.si\/en\/","name":"LOMAS","description":"Naravnost k najbolj\u0161im","publisher":{"@id":"https:\/\/www.lomas.si\/en\/#organization"},"potentialAction":[{"@type":"SearchAction","target":{"@type":"EntryPoint","urlTemplate":"https:\/\/www.lomas.si\/en\/?s={search_term_string}"},"query-input":{"@type":"PropertyValueSpecification","valueRequired":true,"valueName":"search_term_string"}}],"inLanguage":"en-US"},{"@type":"Organization","@id":"https:\/\/www.lomas.si\/en\/#organization","name":"LOMAS","url":"https:\/\/www.lomas.si\/en\/","logo":{"@type":"ImageObject","inLanguage":"en-US","@id":"https:\/\/www.lomas.si\/en\/#\/schema\/logo\/image\/","url":"https:\/\/www.lomas.si\/wp-content\/uploads\/2023\/07\/lomas_logo-brez-slogana_2.1.png","contentUrl":"https:\/\/www.lomas.si\/wp-content\/uploads\/2023\/07\/lomas_logo-brez-slogana_2.1.png","width":1223,"height":302,"caption":"LOMAS"},"image":{"@id":"https:\/\/www.lomas.si\/en\/#\/schema\/logo\/image\/"}}]}},"builder_content":"<h1>Vacancy notice<\/h1>\n<h5>Do you have the desire to become a part of an exceptional team?<\/h5>\n<ul id=\"menu-prosta-delovna-mesta\"><li id=\"menu-item-589\"><a href=\"https:\/\/www.lomas.si\/en\/vacancy-notice\/\" aria-current=\"page\">Vacancy notice<\/a><\/li> <\/ul>\n<p>In an excellent dynamic team, there is a need for successful and reliable colleagues whose work would represent a new challenge to achieve their career goals. <\/p>\n<p>You can send your application to <a href=\"mailto:kadri@lomas.si\">kadri@lomas.si,<\/a> under \"Subject\" indicate which position you are applying for. Please note that due to the large number of applications, we are not always able to respond to every single request. <\/p>\n<p>An indefinite contract with a trial period of 3 months will be concluded with the selected candidate (m\/f). If you are interested in the job, please send your presentation (CV) to <a href=\"mailto:kadri@lomas.si\">kadri@lomas.si<\/a> or fill out the form below.<\/p>\n\n<a href=\"https:\/\/www.lomas.si\/en\/key-account-manager-junior\/\"> <svg> <circle r=\"calc(50% - 1.00px)\" cx=\"50%\" cy=\"50%\" stroke-width=\"2\"\/> <circle r=\"calc(50% - 1.00px)\" cx=\"50%\" cy=\"50%\" stroke=\"#c73a3a\" stroke-width=\"2\" data-progress=\"100\" stroke-dasharray=\"0,10000\"\/> <\/svg> <em style=\"color:#c73a3a\"><svg aria-hidden=\"true\"><use href=\"#tf-far-edit\"><\/use><\/svg><\/em> \n <\/a> <h4> <\/h4>\n<h4>KEY ACCOUT MANAGER JUNIOR m\/f<\/h4>\n<a href=\"https:\/\/www.lomas.si\/en\/sales-assistant\/\"> <svg> <circle r=\"calc(50% - 1.00px)\" cx=\"50%\" cy=\"50%\" stroke-width=\"2\"\/> <circle r=\"calc(50% - 1.00px)\" cx=\"50%\" cy=\"50%\" stroke=\"#fa7100\" stroke-width=\"2\" data-progress=\"100\" stroke-dasharray=\"0,10000\"\/> <\/svg> <em style=\"color:#fa7100\"><svg aria-hidden=\"true\"><use href=\"#tf-fas-cogs\"><\/use><\/svg><\/em> \n <\/a> <h4> <\/h4>\n<h4>SALES ASSISTANT m\/f<\/h4>\n<a href=\"https:\/\/www.lomas.si\/en\/administrator\/\"> <svg> <circle r=\"calc(50% - 1.00px)\" cx=\"50%\" cy=\"50%\" stroke-width=\"2\"\/> <circle r=\"calc(50% - 1.00px)\" cx=\"50%\" cy=\"50%\" stroke=\"#23c48c\" stroke-width=\"2\" data-progress=\"100\" stroke-dasharray=\"0,10000\"\/> <\/svg> <em style=\"color:#23c48c\"><svg aria-hidden=\"true\"><use href=\"#tf-fas-space-shuttle\"><\/use><\/svg><\/em> \n <\/a> <h4> <\/h4>\n<h4>ADMINISTRATOR m\/f<\/h4>\n<p>If we do not have any vacancies, please send us your offer with your CV for work in our company.<\/p>\n<p> <\/p>","_links":{"self":[{"href":"https:\/\/www.lomas.si\/en\/wp-json\/wp\/v2\/pages\/1525","targetHints":{"allow":["GET"]}}],"collection":[{"href":"https:\/\/www.lomas.si\/en\/wp-json\/wp\/v2\/pages"}],"about":[{"href":"https:\/\/www.lomas.si\/en\/wp-json\/wp\/v2\/types\/page"}],"author":[{"embeddable":true,"href":"https:\/\/www.lomas.si\/en\/wp-json\/wp\/v2\/users\/3"}],"replies":[{"embeddable":true,"href":"https:\/\/www.lomas.si\/en\/wp-json\/wp\/v2\/comments?post=1525"}],"version-history":[{"count":11,"href":"https:\/\/www.lomas.si\/en\/wp-json\/wp\/v2\/pages\/1525\/revisions"}],"predecessor-version":[{"id":1665,"href":"https:\/\/www.lomas.si\/en\/wp-json\/wp\/v2\/pages\/1525\/revisions\/1665"}],"wp:attachment":[{"href":"https:\/\/www.lomas.si\/en\/wp-json\/wp\/v2\/media?parent=1525"}],"curies":[{"name":"wp","href":"https:\/\/api.w.org\/{rel}","templated":true}]}}